{"id":42,"date":"2019-12-09T20:50:07","date_gmt":"2019-12-09T19:50:07","guid":{"rendered":"http:\/\/umimmak.com\/?page_id=42"},"modified":"2023-04-23T18:20:14","modified_gmt":"2023-04-23T16:20:14","slug":"contact","status":"publish","type":"page","link":"https:\/\/umimmak.com\/?page_id=42","title":{"rendered":"contact"},"content":{"rendered":"\t\t<div data-elementor-type=\"wp-page\" data-elementor-id=\"42\" class=\"elementor elementor-42\">\n\t\t\t\t\t\t<section class=\"elementor-section elementor-top-section elementor-element elementor-element-baf7eca elementor-section-full_width elementor-section-height-default elementor-section-height-default\" data-id=\"baf7eca\" data-element_type=\"section\">\n\t\t\t\t\t\t<div class=\"elementor-container elementor-column-gap-default\">\n\t\t\t\t\t<div class=\"elementor-column elementor-col-100 elementor-top-column elementor-element elementor-element-d6eb4ee\" data-id=\"d6eb4ee\" data-element_type=\"column\">\n\t\t\t<div class=\"elementor-widget-wrap elementor-element-populated\">\n\t\t\t\t\t\t<div class=\"elementor-element elementor-element-3396f8b elementor-widget elementor-widget-spacer\" data-id=\"3396f8b\" data-element_type=\"widget\" data-widget_type=\"spacer.default\">\n\t\t\t\t<div class=\"elementor-widget-container\">\n\t\t\t\t\t\t\t<div class=\"elementor-spacer\">\n\t\t\t<div class=\"elementor-spacer-inner\"><\/div>\n\t\t<\/div>\n\t\t\t\t\t\t<\/div>\n\t\t\t\t<\/div>\n\t\t\t\t\t<\/div>\n\t\t<\/div>\n\t\t\t\t\t<\/div>\n\t\t<\/section>\n\t\t\t\t<section class=\"elementor-section elementor-top-section elementor-element elementor-element-54461b6 elementor-section-full_width elementor-section-height-default elementor-section-height-default\" data-id=\"54461b6\" data-element_type=\"section\" data-settings=\"{&quot;background_background&quot;:&quot;classic&quot;}\">\n\t\t\t\t\t\t<div class=\"elementor-container elementor-column-gap-no\">\n\t\t\t\t\t<div class=\"elementor-column elementor-col-100 elementor-top-column elementor-element elementor-element-653da80\" data-id=\"653da80\" data-element_type=\"column\">\n\t\t\t<div class=\"elementor-widget-wrap elementor-element-populated\">\n\t\t\t\t\t\t<div class=\"elementor-element elementor-element-2ae60e3 elementor-widget elementor-widget-spacer\" data-id=\"2ae60e3\" data-element_type=\"widget\" data-widget_type=\"spacer.default\">\n\t\t\t\t<div class=\"elementor-widget-container\">\n\t\t\t\t\t\t\t<div class=\"elementor-spacer\">\n\t\t\t<div class=\"elementor-spacer-inner\"><\/div>\n\t\t<\/div>\n\t\t\t\t\t\t<\/div>\n\t\t\t\t<\/div>\n\t\t\t\t\t<\/div>\n\t\t<\/div>\n\t\t\t\t\t<\/div>\n\t\t<\/section>\n\t\t\t\t<section class=\"elementor-section elementor-top-section elementor-element elementor-element-ddf00d0 elementor-section-full_width elementor-section-height-min-height elementor-section-content-middle elementor-section-height-default elementor-section-items-middle\" data-id=\"ddf00d0\" data-element_type=\"section\">\n\t\t\t\t\t\t<div class=\"elementor-container elementor-column-gap-no\">\n\t\t\t\t\t<div class=\"elementor-column elementor-col-50 elementor-top-column elementor-element elementor-element-c77edff\" data-id=\"c77edff\" data-element_type=\"column\">\n\t\t\t<div class=\"elementor-widget-wrap elementor-element-populated\">\n\t\t\t\t\t\t<div class=\"elementor-element elementor-element-bd1e4a6 elementor-widget elementor-widget-image\" data-id=\"bd1e4a6\" data-element_type=\"widget\" data-widget_type=\"image.default\">\n\t\t\t\t<div class=\"elementor-widget-container\">\n\t\t\t\t\t\t\t\t\t\t\t\t\t\t\t<img fetchpriority=\"high\" decoding=\"async\" width=\"960\" height=\"720\" src=\"https:\/\/umimmak.com\/wp-content\/uploads\/2021\/09\/umimmak_sbernard_dsc6078_mokup-1024x768.jpg\" class=\"attachment-large size-large wp-image-2362\" alt=\"mokup \u00e9olienne\" srcset=\"https:\/\/umimmak.com\/wp-content\/uploads\/2021\/09\/umimmak_sbernard_dsc6078_mokup-1024x768.jpg 1024w, https:\/\/umimmak.com\/wp-content\/uploads\/2021\/09\/umimmak_sbernard_dsc6078_mokup-300x225.jpg 300w, https:\/\/umimmak.com\/wp-content\/uploads\/2021\/09\/umimmak_sbernard_dsc6078_mokup-768x576.jpg 768w, https:\/\/umimmak.com\/wp-content\/uploads\/2021\/09\/umimmak_sbernard_dsc6078_mokup-1400x1050.jpg 1400w, https:\/\/umimmak.com\/wp-content\/uploads\/2021\/09\/umimmak_sbernard_dsc6078_mokup-800x600.jpg 800w, https:\/\/umimmak.com\/wp-content\/uploads\/2021\/09\/umimmak_sbernard_dsc6078_mokup.jpg 1500w\" sizes=\"(max-width: 960px) 100vw, 960px\" \/>\t\t\t\t\t\t\t\t\t\t\t\t\t\t\t<\/div>\n\t\t\t\t<\/div>\n\t\t\t\t\t<\/div>\n\t\t<\/div>\n\t\t\t\t<div class=\"elementor-column elementor-col-50 elementor-top-column elementor-element elementor-element-41dbe8b\" data-id=\"41dbe8b\" data-element_type=\"column\">\n\t\t\t<div class=\"elementor-widget-wrap elementor-element-populated\">\n\t\t\t\t\t\t<div class=\"elementor-element elementor-element-62e5bc5 elementor-widget elementor-widget-image\" data-id=\"62e5bc5\" data-element_type=\"widget\" data-widget_type=\"image.default\">\n\t\t\t\t<div class=\"elementor-widget-container\">\n\t\t\t\t\t\t\t\t\t\t\t\t\t\t\t<img decoding=\"async\" width=\"960\" height=\"881\" src=\"https:\/\/umimmak.com\/wp-content\/uploads\/2023\/04\/umimmak_logo_20230423-1024x940.png\" class=\"attachment-large size-large wp-image-2753\" alt=\"umimmak\" srcset=\"https:\/\/umimmak.com\/wp-content\/uploads\/2023\/04\/umimmak_logo_20230423-1024x940.png 1024w, https:\/\/umimmak.com\/wp-content\/uploads\/2023\/04\/umimmak_logo_20230423-300x275.png 300w, https:\/\/umimmak.com\/wp-content\/uploads\/2023\/04\/umimmak_logo_20230423-768x705.png 768w, https:\/\/umimmak.com\/wp-content\/uploads\/2023\/04\/umimmak_logo_20230423-1536x1411.png 1536w, https:\/\/umimmak.com\/wp-content\/uploads\/2023\/04\/umimmak_logo_20230423-1400x1286.png 1400w, https:\/\/umimmak.com\/wp-content\/uploads\/2023\/04\/umimmak_logo_20230423-800x735.png 800w, https:\/\/umimmak.com\/wp-content\/uploads\/2023\/04\/umimmak_logo_20230423.png 1922w\" sizes=\"(max-width: 960px) 100vw, 960px\" \/>\t\t\t\t\t\t\t\t\t\t\t\t\t\t\t<\/div>\n\t\t\t\t<\/div>\n\t\t\t\t<div class=\"elementor-element elementor-element-394f3aa elementor-widget elementor-widget-heading\" data-id=\"394f3aa\" data-element_type=\"widget\" data-widget_type=\"heading.default\">\n\t\t\t\t<div class=\"elementor-widget-container\">\n\t\t\t\t\t<div class=\"elementor-heading-title elementor-size-default\">Contactez-nous.<br><\/div>\t\t\t\t<\/div>\n\t\t\t\t<\/div>\n\t\t\t\t<div class=\"elementor-element elementor-element-e10a52c elementor-widget elementor-widget-text-editor\" data-id=\"e10a52c\" data-element_type=\"widget\" data-widget_type=\"text-editor.default\">\n\t\t\t\t<div class=\"elementor-widget-container\">\n\t\t\t\t\t\t\t\t\tVous avez une question ou vous \u00eates int\u00e9r\u00e9ss\u00e9s par un tirage, n&rsquo;h\u00e9sitez pas \u00e0 me contacter sur l&rsquo;adresse mail ci-apr\u00e8s.\nMerci.\n<a href=\"mailto:contact@umimmak.com\">contact@umimmak.com<\/a>\t\t\t\t\t\t\t\t<\/div>\n\t\t\t\t<\/div>\n\t\t\t\t\t<\/div>\n\t\t<\/div>\n\t\t\t\t\t<\/div>\n\t\t<\/section>\n\t\t\t\t<section class=\"elementor-section elementor-top-section elementor-element elementor-element-140a809 elementor-section-full_width elementor-section-height-default elementor-section-height-default\" data-id=\"140a809\" data-element_type=\"section\">\n\t\t\t\t\t\t<div class=\"elementor-container elementor-column-gap-default\">\n\t\t\t\t\t<div class=\"elementor-column elementor-col-100 elementor-top-column elementor-element elementor-element-15e7bc5\" data-id=\"15e7bc5\" data-element_type=\"column\">\n\t\t\t<div class=\"elementor-widget-wrap elementor-element-populated\">\n\t\t\t\t\t\t<div class=\"elementor-element elementor-element-3800241 elementor-widget elementor-widget-spacer\" data-id=\"3800241\" data-element_type=\"widget\" data-widget_type=\"spacer.default\">\n\t\t\t\t<div class=\"elementor-widget-container\">\n\t\t\t\t\t\t\t<div class=\"elementor-spacer\">\n\t\t\t<div class=\"elementor-spacer-inner\"><\/div>\n\t\t<\/div>\n\t\t\t\t\t\t<\/div>\n\t\t\t\t<\/div>\n\t\t\t\t<div class=\"elementor-element elementor-element-4d8c989 elementor-widget elementor-widget-google_maps\" data-id=\"4d8c989\" data-element_type=\"widget\" data-widget_type=\"google_maps.default\">\n\t\t\t\t<div class=\"elementor-widget-container\">\n\t\t\t\t\t\t\t<div class=\"elementor-custom-embed\">\n\t\t\t<iframe loading=\"lazy\"\n\t\t\t\t\tsrc=\"https:\/\/maps.google.com\/maps?q=Th%C3%B4nes%2C%20France&#038;t=m&#038;z=10&#038;output=embed&#038;iwloc=near\"\n\t\t\t\t\ttitle=\"Th\u00f4nes, France\"\n\t\t\t\t\taria-label=\"Th\u00f4nes, France\"\n\t\t\t><\/iframe>\n\t\t<\/div>\n\t\t\t\t\t\t<\/div>\n\t\t\t\t<\/div>\n\t\t\t\t\t<\/div>\n\t\t<\/div>\n\t\t\t\t\t<\/div>\n\t\t<\/section>\n\t\t\t\t<section class=\"elementor-section elementor-top-section elementor-element elementor-element-0fd946c elementor-section-full_width elementor-section-height-min-height elementor-section-height-default elementor-section-items-middle\" data-id=\"0fd946c\" data-element_type=\"section\" data-settings=\"{&quot;background_background&quot;:&quot;classic&quot;}\">\n\t\t\t\t\t\t<div class=\"elementor-container elementor-column-gap-no\">\n\t\t\t\t\t<div class=\"elementor-column elementor-col-33 elementor-top-column elementor-element elementor-element-c994cd3\" data-id=\"c994cd3\" data-element_type=\"column\">\n\t\t\t<div class=\"elementor-widget-wrap elementor-element-populated\">\n\t\t\t\t\t\t<div class=\"elementor-element elementor-element-f768365 elementor-widget elementor-widget-heading\" data-id=\"f768365\" data-element_type=\"widget\" data-widget_type=\"heading.default\">\n\t\t\t\t<div class=\"elementor-widget-container\">\n\t\t\t\t\t<h1 class=\"elementor-heading-title elementor-size-default\"><a href=\"https:\/\/www.umimmak.com\">umimmak<\/a><\/h1>\t\t\t\t<\/div>\n\t\t\t\t<\/div>\n\t\t\t\t<div class=\"elementor-element elementor-element-44a7e94 elementor-widget elementor-widget-heading\" data-id=\"44a7e94\" data-element_type=\"widget\" data-widget_type=\"heading.default\">\n\t\t\t\t<div class=\"elementor-widget-container\">\n\t\t\t\t\t<h5 class=\"elementor-heading-title elementor-size-default\">TOUS DROITS R\u00c9SERV\u00c9S. REPRODUCTION INTERDITE<\/h5>\t\t\t\t<\/div>\n\t\t\t\t<\/div>\n\t\t\t\t\t<\/div>\n\t\t<\/div>\n\t\t\t\t<div class=\"elementor-column elementor-col-33 elementor-top-column elementor-element elementor-element-b44bd53\" data-id=\"b44bd53\" data-element_type=\"column\">\n\t\t\t<div class=\"elementor-widget-wrap\">\n\t\t\t\t\t\t\t<\/div>\n\t\t<\/div>\n\t\t\t\t<div class=\"elementor-column elementor-col-33 elementor-top-column elementor-element elementor-element-e0a43a4\" data-id=\"e0a43a4\" data-element_type=\"column\">\n\t\t\t<div class=\"elementor-widget-wrap elementor-element-populated\">\n\t\t\t\t\t\t<div class=\"elementor-element elementor-element-cac602c elementor-widget elementor-widget-heading\" data-id=\"cac602c\" data-element_type=\"widget\" data-widget_type=\"heading.default\">\n\t\t\t\t<div class=\"elementor-widget-container\">\n\t\t\t\t\t<div class=\"elementor-heading-title elementor-size-default\">SUIVEZ-NOUS SUR LES R\u00c9SEAUX SOCIAUX<\/div>\t\t\t\t<\/div>\n\t\t\t\t<\/div>\n\t\t\t\t<div class=\"elementor-element elementor-element-13aefd3 elementor-shape-rounded elementor-grid-0 e-grid-align-center elementor-widget elementor-widget-social-icons\" data-id=\"13aefd3\" data-element_type=\"widget\" data-widget_type=\"social-icons.default\">\n\t\t\t\t<div class=\"elementor-widget-container\">\n\t\t\t\t\t\t\t<div class=\"elementor-social-icons-wrapper elementor-grid\" role=\"list\">\n\t\t\t\t\t\t\t<span class=\"elementor-grid-item\" role=\"listitem\">\n\t\t\t\t\t<a class=\"elementor-icon elementor-social-icon elementor-social-icon-instagram elementor-repeater-item-75330eb\" href=\"https:\/\/www.instagram.com\/sbernard.umimmak\/\" target=\"_blank\">\n\t\t\t\t\t\t<span class=\"elementor-screen-only\">Instagram<\/span>\n\t\t\t\t\t\t<i aria-hidden=\"true\" class=\"fab fa-instagram\"><\/i>\t\t\t\t\t<\/a>\n\t\t\t\t<\/span>\n\t\t\t\t\t\t\t<span class=\"elementor-grid-item\" role=\"listitem\">\n\t\t\t\t\t<a class=\"elementor-icon elementor-social-icon elementor-social-icon-vimeo elementor-repeater-item-f861be2\" href=\"https:\/\/vimeo.com\/user123505799\" target=\"_blank\">\n\t\t\t\t\t\t<span class=\"elementor-screen-only\">Vimeo<\/span>\n\t\t\t\t\t\t<i aria-hidden=\"true\" class=\"fab fa-vimeo\"><\/i>\t\t\t\t\t<\/a>\n\t\t\t\t<\/span>\n\t\t\t\t\t\t\t<span class=\"elementor-grid-item\" role=\"listitem\">\n\t\t\t\t\t<a class=\"elementor-icon elementor-social-icon elementor-social-icon-500px elementor-repeater-item-3648c5d\" href=\"https:\/\/500px.com\/stephanebernard23\" target=\"_blank\">\n\t\t\t\t\t\t<span class=\"elementor-screen-only\">500px<\/span>\n\t\t\t\t\t\t<i aria-hidden=\"true\" class=\"fab fa-500px\"><\/i>\t\t\t\t\t<\/a>\n\t\t\t\t<\/span>\n\t\t\t\t\t\t\t<span class=\"elementor-grid-item\" role=\"listitem\">\n\t\t\t\t\t<a class=\"elementor-icon elementor-social-icon elementor-social-icon-youtube elementor-repeater-item-a43441f\" href=\"https:\/\/www.youtube.com\/channel\/UCRMDrrgdb57Ki4RWuXeKs5g\" target=\"_blank\">\n\t\t\t\t\t\t<span class=\"elementor-screen-only\">Youtube<\/span>\n\t\t\t\t\t\t<i aria-hidden=\"true\" class=\"fab fa-youtube\"><\/i>\t\t\t\t\t<\/a>\n\t\t\t\t<\/span>\n\t\t\t\t\t<\/div>\n\t\t\t\t\t\t<\/div>\n\t\t\t\t<\/div>\n\t\t\t\t\t<\/div>\n\t\t<\/div>\n\t\t\t\t\t<\/div>\n\t\t<\/section>\n\t\t\t\t<\/div>\n\t\t","protected":false},"excerpt":{"rendered":"<p>Contactez-nous. Vous avez une question ou vous \u00eates int\u00e9r\u00e9ss\u00e9s par un tirage, n&rsquo;h\u00e9sitez pas \u00e0 me contacter sur l&rsquo;adresse mail ci-apr\u00e8s. Merci. contact@umimmak.com umimmak TOUS DROITS R\u00c9SERV\u00c9S. REPRODUCTION INTERDITE SUIVEZ-NOUS SUR LES R\u00c9SEAUX SOCIAUX Instagram Vimeo 500px Youtube<\/p>\n","protected":false},"author":1,"featured_media":0,"parent":0,"menu_order":0,"comment_status":"closed","ping_status":"closed","template":"","meta":{"inline_featured_image":false,"footnotes":""},"class_list":["post-42","page","type-page","status-publish","hentry"],"_links":{"self":[{"href":"https:\/\/umimmak.com\/index.php?rest_route=\/wp\/v2\/pages\/42"}],"collection":[{"href":"https:\/\/umimmak.com\/index.php?rest_route=\/wp\/v2\/pages"}],"about":[{"href":"https:\/\/umimmak.com\/index.php?rest_route=\/wp\/v2\/types\/page"}],"author":[{"embeddable":true,"href":"https:\/\/umimmak.com\/index.php?rest_route=\/wp\/v2\/users\/1"}],"replies":[{"embeddable":true,"href":"https:\/\/umimmak.com\/index.php?rest_route=%2Fwp%2Fv2%2Fcomments&post=42"}],"version-history":[{"count":102,"href":"https:\/\/umimmak.com\/index.php?rest_route=\/wp\/v2\/pages\/42\/revisions"}],"predecessor-version":[{"id":2809,"href":"https:\/\/umimmak.com\/index.php?rest_route=\/wp\/v2\/pages\/42\/revisions\/2809"}],"wp:attachment":[{"href":"https:\/\/umimmak.com\/index.php?rest_route=%2Fwp%2Fv2%2Fmedia&parent=42"}],"curies":[{"name":"wp","href":"https:\/\/api.w.org\/{rel}","templated":true}]}}