{"id":1648,"date":"2021-08-22T09:15:23","date_gmt":"2021-08-22T07:15:23","guid":{"rendered":"http:\/\/umimmak.com\/?page_id=1648"},"modified":"2023-04-23T18:06:56","modified_gmt":"2023-04-23T16:06:56","slug":"gallerie","status":"publish","type":"page","link":"https:\/\/umimmak.com\/?page_id=1648","title":{"rendered":"gallerie"},"content":{"rendered":"\t\t<div data-elementor-type=\"wp-page\" data-elementor-id=\"1648\" class=\"elementor elementor-1648\">\n\t\t\t\t\t\t<section class=\"elementor-section elementor-top-section elementor-element elementor-element-df90d6a elementor-section-full_width elementor-section-height-default elementor-section-height-default\" data-id=\"df90d6a\" data-element_type=\"section\">\n\t\t\t\t\t\t<div class=\"elementor-container elementor-column-gap-default\">\n\t\t\t\t\t<div class=\"elementor-column elementor-col-100 elementor-top-column elementor-element elementor-element-2f7b3fb\" data-id=\"2f7b3fb\" data-element_type=\"column\">\n\t\t\t<div class=\"elementor-widget-wrap elementor-element-populated\">\n\t\t\t\t\t\t<div class=\"elementor-element elementor-element-122795c elementor-widget elementor-widget-spacer\" data-id=\"122795c\" data-element_type=\"widget\" data-widget_type=\"spacer.default\">\n\t\t\t\t<div class=\"elementor-widget-container\">\n\t\t\t\t\t\t\t<div class=\"elementor-spacer\">\n\t\t\t<div class=\"elementor-spacer-inner\"><\/div>\n\t\t<\/div>\n\t\t\t\t\t\t<\/div>\n\t\t\t\t<\/div>\n\t\t\t\t\t<\/div>\n\t\t<\/div>\n\t\t\t\t\t<\/div>\n\t\t<\/section>\n\t\t\t\t<section class=\"elementor-section elementor-top-section elementor-element elementor-element-0325081 elementor-section-boxed elementor-section-height-default elementor-section-height-default\" data-id=\"0325081\" data-element_type=\"section\">\n\t\t\t\t\t\t<div class=\"elementor-container elementor-column-gap-default\">\n\t\t\t\t\t<div class=\"elementor-column elementor-col-100 elementor-top-column elementor-element elementor-element-a5f6d43\" data-id=\"a5f6d43\" data-element_type=\"column\">\n\t\t\t<div class=\"elementor-widget-wrap elementor-element-populated\">\n\t\t\t\t\t\t<div class=\"elementor-element elementor-element-acfda18 elementor-widget elementor-widget-image\" data-id=\"acfda18\" data-element_type=\"widget\" data-widget_type=\"image.default\">\n\t\t\t\t<div class=\"elementor-widget-container\">\n\t\t\t\t\t\t\t\t\t\t\t\t\t\t\t<img fetchpriority=\"high\" decoding=\"async\" width=\"960\" height=\"881\" src=\"https:\/\/umimmak.com\/wp-content\/uploads\/2023\/04\/umimmak_logo_20230423-1024x940.png\" class=\"attachment-large size-large wp-image-2753\" alt=\"umimmak\" srcset=\"https:\/\/umimmak.com\/wp-content\/uploads\/2023\/04\/umimmak_logo_20230423-1024x940.png 1024w, https:\/\/umimmak.com\/wp-content\/uploads\/2023\/04\/umimmak_logo_20230423-300x275.png 300w, https:\/\/umimmak.com\/wp-content\/uploads\/2023\/04\/umimmak_logo_20230423-768x705.png 768w, https:\/\/umimmak.com\/wp-content\/uploads\/2023\/04\/umimmak_logo_20230423-1536x1411.png 1536w, https:\/\/umimmak.com\/wp-content\/uploads\/2023\/04\/umimmak_logo_20230423-1400x1286.png 1400w, https:\/\/umimmak.com\/wp-content\/uploads\/2023\/04\/umimmak_logo_20230423-800x735.png 800w, https:\/\/umimmak.com\/wp-content\/uploads\/2023\/04\/umimmak_logo_20230423.png 1922w\" sizes=\"(max-width: 960px) 100vw, 960px\" \/>\t\t\t\t\t\t\t\t\t\t\t\t\t\t\t<\/div>\n\t\t\t\t<\/div>\n\t\t\t\t\t<\/div>\n\t\t<\/div>\n\t\t\t\t\t<\/div>\n\t\t<\/section>\n\t\t\t\t<section class=\"elementor-section elementor-top-section elementor-element elementor-element-fd25c98 elementor-section-full_width elementor-section-height-default elementor-section-height-default\" data-id=\"fd25c98\" data-element_type=\"section\">\n\t\t\t\t\t\t<div class=\"elementor-container elementor-column-gap-narrow\">\n\t\t\t\t\t<div class=\"elementor-column elementor-col-100 elementor-top-column elementor-element elementor-element-11c3d5f\" data-id=\"11c3d5f\" data-element_type=\"column\">\n\t\t\t<div class=\"elementor-widget-wrap elementor-element-populated\">\n\t\t\t\t\t\t<div class=\"elementor-element elementor-element-3a0f85e elementor-widget-divider--view-line_text elementor-widget-divider--element-align-center elementor-widget elementor-widget-divider\" data-id=\"3a0f85e\" data-element_type=\"widget\" data-widget_type=\"divider.default\">\n\t\t\t\t<div class=\"elementor-widget-container\">\n\t\t\t\t\t\t\t<div class=\"elementor-divider\">\n\t\t\t<span class=\"elementor-divider-separator\">\n\t\t\t\t\t\t\t<span class=\"elementor-divider__text elementor-divider__element\">\n\t\t\t\tGALLERIE\t\t\t\t<\/span>\n\t\t\t\t\t\t<\/span>\n\t\t<\/div>\n\t\t\t\t\t\t<\/div>\n\t\t\t\t<\/div>\n\t\t\t\t<div class=\"elementor-element elementor-element-423014c elementor-widget elementor-widget-spacer\" data-id=\"423014c\" data-element_type=\"widget\" data-widget_type=\"spacer.default\">\n\t\t\t\t<div class=\"elementor-widget-container\">\n\t\t\t\t\t\t\t<div class=\"elementor-spacer\">\n\t\t\t<div class=\"elementor-spacer-inner\"><\/div>\n\t\t<\/div>\n\t\t\t\t\t\t<\/div>\n\t\t\t\t<\/div>\n\t\t\t\t\t<\/div>\n\t\t<\/div>\n\t\t\t\t\t<\/div>\n\t\t<\/section>\n\t\t\t\t<section class=\"elementor-section elementor-top-section elementor-element elementor-element-cd0a3af elementor-section-stretched elementor-section-full_width elementor-section-height-default elementor-section-height-default\" data-id=\"cd0a3af\" data-element_type=\"section\" data-settings=\"{&quot;stretch_section&quot;:&quot;section-stretched&quot;}\">\n\t\t\t\t\t\t<div class=\"elementor-container elementor-column-gap-default\">\n\t\t\t\t\t<div class=\"elementor-column elementor-col-33 elementor-top-column elementor-element elementor-element-bdc4ffd\" data-id=\"bdc4ffd\" data-element_type=\"column\">\n\t\t\t<div class=\"elementor-widget-wrap elementor-element-populated\">\n\t\t\t\t\t\t<div class=\"elementor-element elementor-element-9a26fe2 elementor-position-top elementor-widget elementor-widget-image-box\" data-id=\"9a26fe2\" data-element_type=\"widget\" data-widget_type=\"image-box.default\">\n\t\t\t\t<div class=\"elementor-widget-container\">\n\t\t\t\t\t<div class=\"elementor-image-box-wrapper\"><figure class=\"elementor-image-box-img\"><a href=\"https:\/\/umimmak.com\/?portfolio=paysages\" tabindex=\"-1\"><img decoding=\"async\" width=\"1000\" height=\"667\" src=\"https:\/\/umimmak.com\/wp-content\/uploads\/2021\/01\/umimmak_sbernard_DSC4164.jpg\" class=\"attachment-full size-full wp-image-1036\" alt=\"Couch\u00e9 de soleil sur les Confins\" srcset=\"https:\/\/umimmak.com\/wp-content\/uploads\/2021\/01\/umimmak_sbernard_DSC4164.jpg 1000w, https:\/\/umimmak.com\/wp-content\/uploads\/2021\/01\/umimmak_sbernard_DSC4164-300x200.jpg 300w, https:\/\/umimmak.com\/wp-content\/uploads\/2021\/01\/umimmak_sbernard_DSC4164-768x512.jpg 768w, https:\/\/umimmak.com\/wp-content\/uploads\/2021\/01\/umimmak_sbernard_DSC4164-800x534.jpg 800w\" sizes=\"(max-width: 1000px) 100vw, 1000px\" \/><\/a><\/figure><div class=\"elementor-image-box-content\"><h2 class=\"elementor-image-box-title\"><a href=\"https:\/\/umimmak.com\/?portfolio=paysages\">Paysage<\/a><\/h2><\/div><\/div>\t\t\t\t<\/div>\n\t\t\t\t<\/div>\n\t\t\t\t\t<\/div>\n\t\t<\/div>\n\t\t\t\t<div class=\"elementor-column elementor-col-33 elementor-top-column elementor-element elementor-element-879c93e\" data-id=\"879c93e\" data-element_type=\"column\">\n\t\t\t<div class=\"elementor-widget-wrap elementor-element-populated\">\n\t\t\t\t\t\t<div class=\"elementor-element elementor-element-7d59b0b elementor-position-top elementor-widget elementor-widget-image-box\" data-id=\"7d59b0b\" data-element_type=\"widget\" data-widget_type=\"image-box.default\">\n\t\t\t\t<div class=\"elementor-widget-container\">\n\t\t\t\t\t<div class=\"elementor-image-box-wrapper\"><figure class=\"elementor-image-box-img\"><a href=\"https:\/\/umimmak.com\/?portfolio=blackandwhite\" rel=\"nofollow\" tabindex=\"-1\"><img decoding=\"async\" width=\"1200\" height=\"801\" src=\"https:\/\/umimmak.com\/wp-content\/uploads\/2021\/08\/umimmak_sbernard__DSC2230.jpg\" class=\"attachment-full size-full wp-image-1631\" alt=\"For\u00eat de Th\u00f4nes dans les nuages (Haute Savoie)\" srcset=\"https:\/\/umimmak.com\/wp-content\/uploads\/2021\/08\/umimmak_sbernard__DSC2230.jpg 1200w, https:\/\/umimmak.com\/wp-content\/uploads\/2021\/08\/umimmak_sbernard__DSC2230-300x200.jpg 300w, https:\/\/umimmak.com\/wp-content\/uploads\/2021\/08\/umimmak_sbernard__DSC2230-1024x684.jpg 1024w, https:\/\/umimmak.com\/wp-content\/uploads\/2021\/08\/umimmak_sbernard__DSC2230-768x513.jpg 768w, https:\/\/umimmak.com\/wp-content\/uploads\/2021\/08\/umimmak_sbernard__DSC2230-800x534.jpg 800w\" sizes=\"(max-width: 1200px) 100vw, 1200px\" \/><\/a><\/figure><div class=\"elementor-image-box-content\"><h2 class=\"elementor-image-box-title\"><a href=\"https:\/\/umimmak.com\/?portfolio=blackandwhite\" rel=\"nofollow\">Noir et Blanc<\/a><\/h2><\/div><\/div>\t\t\t\t<\/div>\n\t\t\t\t<\/div>\n\t\t\t\t\t<\/div>\n\t\t<\/div>\n\t\t\t\t<div class=\"elementor-column elementor-col-33 elementor-top-column elementor-element elementor-element-586cd0c\" data-id=\"586cd0c\" data-element_type=\"column\">\n\t\t\t<div class=\"elementor-widget-wrap elementor-element-populated\">\n\t\t\t\t\t\t<div class=\"elementor-element elementor-element-20eb273 elementor-position-top elementor-widget elementor-widget-image-box\" data-id=\"20eb273\" data-element_type=\"widget\" data-widget_type=\"image-box.default\">\n\t\t\t\t<div class=\"elementor-widget-container\">\n\t\t\t\t\t<div class=\"elementor-image-box-wrapper\"><figure class=\"elementor-image-box-img\"><a href=\"https:\/\/umimmak.com\/?portfolio=macrophotographie\" tabindex=\"-1\"><img loading=\"lazy\" decoding=\"async\" width=\"1000\" height=\"665\" src=\"https:\/\/umimmak.com\/wp-content\/uploads\/2021\/04\/umimmak_sbernard_SBE6808.jpg\" class=\"attachment-full size-full wp-image-1236\" alt=\"Araign\u00e9es sauteuses\" srcset=\"https:\/\/umimmak.com\/wp-content\/uploads\/2021\/04\/umimmak_sbernard_SBE6808.jpg 1000w, https:\/\/umimmak.com\/wp-content\/uploads\/2021\/04\/umimmak_sbernard_SBE6808-300x200.jpg 300w, https:\/\/umimmak.com\/wp-content\/uploads\/2021\/04\/umimmak_sbernard_SBE6808-768x511.jpg 768w, https:\/\/umimmak.com\/wp-content\/uploads\/2021\/04\/umimmak_sbernard_SBE6808-800x532.jpg 800w\" sizes=\"(max-width: 1000px) 100vw, 1000px\" \/><\/a><\/figure><div class=\"elementor-image-box-content\"><h4 class=\"elementor-image-box-title\"><a href=\"https:\/\/umimmak.com\/?portfolio=macrophotographie\">macrophotographie<\/a><\/h4><\/div><\/div>\t\t\t\t<\/div>\n\t\t\t\t<\/div>\n\t\t\t\t\t<\/div>\n\t\t<\/div>\n\t\t\t\t\t<\/div>\n\t\t<\/section>\n\t\t\t\t<section class=\"elementor-section elementor-top-section elementor-element elementor-element-e8abcc0 elementor-section-full_width elementor-section-height-default elementor-section-height-default\" data-id=\"e8abcc0\" data-element_type=\"section\">\n\t\t\t\t\t\t<div class=\"elementor-container elementor-column-gap-default\">\n\t\t\t\t\t<div class=\"elementor-column elementor-col-33 elementor-top-column elementor-element elementor-element-1946e8f\" data-id=\"1946e8f\" data-element_type=\"column\">\n\t\t\t<div class=\"elementor-widget-wrap elementor-element-populated\">\n\t\t\t\t\t\t<div class=\"elementor-element elementor-element-493c316 elementor-position-top elementor-widget elementor-widget-image-box\" data-id=\"493c316\" data-element_type=\"widget\" data-widget_type=\"image-box.default\">\n\t\t\t\t<div class=\"elementor-widget-container\">\n\t\t\t\t\t<div class=\"elementor-image-box-wrapper\"><figure class=\"elementor-image-box-img\"><a href=\"https:\/\/umimmak.com\/?portfolio=flore\" tabindex=\"-1\"><img loading=\"lazy\" decoding=\"async\" width=\"1200\" height=\"801\" src=\"https:\/\/umimmak.com\/wp-content\/uploads\/2021\/08\/umimmak_sbernard_DSC6382.jpg\" class=\"attachment-full size-full wp-image-1759\" alt=\"Pluie sur la v\u00e9g\u00e9tation\" srcset=\"https:\/\/umimmak.com\/wp-content\/uploads\/2021\/08\/umimmak_sbernard_DSC6382.jpg 1200w, https:\/\/umimmak.com\/wp-content\/uploads\/2021\/08\/umimmak_sbernard_DSC6382-300x200.jpg 300w, https:\/\/umimmak.com\/wp-content\/uploads\/2021\/08\/umimmak_sbernard_DSC6382-1024x684.jpg 1024w, https:\/\/umimmak.com\/wp-content\/uploads\/2021\/08\/umimmak_sbernard_DSC6382-768x513.jpg 768w, https:\/\/umimmak.com\/wp-content\/uploads\/2021\/08\/umimmak_sbernard_DSC6382-800x534.jpg 800w\" sizes=\"(max-width: 1200px) 100vw, 1200px\" \/><\/a><\/figure><div class=\"elementor-image-box-content\"><h3 class=\"elementor-image-box-title\"><a href=\"https:\/\/umimmak.com\/?portfolio=flore\">Flore<\/a><\/h3><\/div><\/div>\t\t\t\t<\/div>\n\t\t\t\t<\/div>\n\t\t\t\t\t<\/div>\n\t\t<\/div>\n\t\t\t\t<div class=\"elementor-column elementor-col-33 elementor-top-column elementor-element elementor-element-fd23361\" data-id=\"fd23361\" data-element_type=\"column\">\n\t\t\t<div class=\"elementor-widget-wrap elementor-element-populated\">\n\t\t\t\t\t\t<div class=\"elementor-element elementor-element-a5bb06e elementor-position-top elementor-widget elementor-widget-image-box\" data-id=\"a5bb06e\" data-element_type=\"widget\" data-widget_type=\"image-box.default\">\n\t\t\t\t<div class=\"elementor-widget-container\">\n\t\t\t\t\t<div class=\"elementor-image-box-wrapper\"><figure class=\"elementor-image-box-img\"><a href=\"https:\/\/umimmak.com\/?portfolio=inspirations\" tabindex=\"-1\"><img loading=\"lazy\" decoding=\"async\" width=\"1200\" height=\"801\" src=\"https:\/\/umimmak.com\/wp-content\/uploads\/2021\/08\/umimmak_sbernard_DSC1023.jpg\" class=\"attachment-full size-full wp-image-1834\" alt=\"Inspirations diverses\" srcset=\"https:\/\/umimmak.com\/wp-content\/uploads\/2021\/08\/umimmak_sbernard_DSC1023.jpg 1200w, https:\/\/umimmak.com\/wp-content\/uploads\/2021\/08\/umimmak_sbernard_DSC1023-300x200.jpg 300w, https:\/\/umimmak.com\/wp-content\/uploads\/2021\/08\/umimmak_sbernard_DSC1023-1024x684.jpg 1024w, https:\/\/umimmak.com\/wp-content\/uploads\/2021\/08\/umimmak_sbernard_DSC1023-768x513.jpg 768w, https:\/\/umimmak.com\/wp-content\/uploads\/2021\/08\/umimmak_sbernard_DSC1023-800x534.jpg 800w\" sizes=\"(max-width: 1200px) 100vw, 1200px\" \/><\/a><\/figure><div class=\"elementor-image-box-content\"><h3 class=\"elementor-image-box-title\"><a href=\"https:\/\/umimmak.com\/?portfolio=inspirations\">Inspirations<\/a><\/h3><\/div><\/div>\t\t\t\t<\/div>\n\t\t\t\t<\/div>\n\t\t\t\t\t<\/div>\n\t\t<\/div>\n\t\t\t\t<div class=\"elementor-column elementor-col-33 elementor-top-column elementor-element elementor-element-06bbc1c\" data-id=\"06bbc1c\" data-element_type=\"column\">\n\t\t\t<div class=\"elementor-widget-wrap\">\n\t\t\t\t\t\t\t<\/div>\n\t\t<\/div>\n\t\t\t\t\t<\/div>\n\t\t<\/section>\n\t\t\t\t<section class=\"elementor-section elementor-top-section elementor-element elementor-element-e3da1b5 elementor-section-boxed elementor-section-height-default elementor-section-height-default\" data-id=\"e3da1b5\" data-element_type=\"section\">\n\t\t\t\t\t\t<div class=\"elementor-container elementor-column-gap-default\">\n\t\t\t\t\t<div class=\"elementor-column elementor-col-100 elementor-top-column elementor-element elementor-element-cdbe56c\" data-id=\"cdbe56c\" data-element_type=\"column\">\n\t\t\t<div class=\"elementor-widget-wrap elementor-element-populated\">\n\t\t\t\t\t\t<div class=\"elementor-element elementor-element-28b9d00 elementor-widget elementor-widget-spacer\" data-id=\"28b9d00\" data-element_type=\"widget\" data-widget_type=\"spacer.default\">\n\t\t\t\t<div class=\"elementor-widget-container\">\n\t\t\t\t\t\t\t<div class=\"elementor-spacer\">\n\t\t\t<div class=\"elementor-spacer-inner\"><\/div>\n\t\t<\/div>\n\t\t\t\t\t\t<\/div>\n\t\t\t\t<\/div>\n\t\t\t\t\t<\/div>\n\t\t<\/div>\n\t\t\t\t\t<\/div>\n\t\t<\/section>\n\t\t\t\t<section class=\"elementor-section elementor-top-section elementor-element elementor-element-b206dbb elementor-section-full_width elementor-section-height-min-height elementor-section-stretched elementor-section-height-default elementor-section-items-middle\" data-id=\"b206dbb\" data-element_type=\"section\" data-settings=\"{&quot;background_background&quot;:&quot;classic&quot;,&quot;stretch_section&quot;:&quot;section-stretched&quot;}\">\n\t\t\t\t\t\t<div class=\"elementor-container elementor-column-gap-no\">\n\t\t\t\t\t<div class=\"elementor-column elementor-col-33 elementor-top-column elementor-element elementor-element-2146f07\" data-id=\"2146f07\" data-element_type=\"column\">\n\t\t\t<div class=\"elementor-widget-wrap elementor-element-populated\">\n\t\t\t\t\t\t<div class=\"elementor-element elementor-element-3700ce4 elementor-widget elementor-widget-heading\" data-id=\"3700ce4\" data-element_type=\"widget\" data-widget_type=\"heading.default\">\n\t\t\t\t<div class=\"elementor-widget-container\">\n\t\t\t\t\t<h1 class=\"elementor-heading-title elementor-size-default\"><a href=\"https:\/\/www.umimmak.com\">umimmak<\/a><\/h1>\t\t\t\t<\/div>\n\t\t\t\t<\/div>\n\t\t\t\t<div class=\"elementor-element elementor-element-04868c3 elementor-widget elementor-widget-heading\" data-id=\"04868c3\" data-element_type=\"widget\" data-widget_type=\"heading.default\">\n\t\t\t\t<div class=\"elementor-widget-container\">\n\t\t\t\t\t<h5 class=\"elementor-heading-title elementor-size-default\">Tous droits r\u00e9serv\u00e9s. Reproduction interdites.<\/h5>\t\t\t\t<\/div>\n\t\t\t\t<\/div>\n\t\t\t\t\t<\/div>\n\t\t<\/div>\n\t\t\t\t<div class=\"elementor-column elementor-col-33 elementor-top-column elementor-element elementor-element-a6d8725\" data-id=\"a6d8725\" data-element_type=\"column\">\n\t\t\t<div class=\"elementor-widget-wrap\">\n\t\t\t\t\t\t\t<\/div>\n\t\t<\/div>\n\t\t\t\t<div class=\"elementor-column elementor-col-33 elementor-top-column elementor-element elementor-element-ad6a681\" data-id=\"ad6a681\" data-element_type=\"column\">\n\t\t\t<div class=\"elementor-widget-wrap elementor-element-populated\">\n\t\t\t\t\t\t<div class=\"elementor-element elementor-element-69a0b79 elementor-widget elementor-widget-heading\" data-id=\"69a0b79\" data-element_type=\"widget\" data-widget_type=\"heading.default\">\n\t\t\t\t<div class=\"elementor-widget-container\">\n\t\t\t\t\t<h5 class=\"elementor-heading-title elementor-size-default\">Suivez-nous sur les r\u00e9seaux sociaux<\/h5>\t\t\t\t<\/div>\n\t\t\t\t<\/div>\n\t\t\t\t<div class=\"elementor-element elementor-element-e8c512c e-grid-align-tablet-center elementor-shape-rounded elementor-grid-0 e-grid-align-center elementor-widget elementor-widget-social-icons\" data-id=\"e8c512c\" data-element_type=\"widget\" data-widget_type=\"social-icons.default\">\n\t\t\t\t<div class=\"elementor-widget-container\">\n\t\t\t\t\t\t\t<div class=\"elementor-social-icons-wrapper elementor-grid\" role=\"list\">\n\t\t\t\t\t\t\t<span class=\"elementor-grid-item\" role=\"listitem\">\n\t\t\t\t\t<a class=\"elementor-icon elementor-social-icon elementor-social-icon-instagram elementor-repeater-item-03b8c5b\" href=\"https:\/\/www.instagram.com\/sbernard.umimmak\/\" target=\"_blank\">\n\t\t\t\t\t\t<span class=\"elementor-screen-only\">Instagram<\/span>\n\t\t\t\t\t\t<i aria-hidden=\"true\" class=\"fab fa-instagram\"><\/i>\t\t\t\t\t<\/a>\n\t\t\t\t<\/span>\n\t\t\t\t\t\t\t<span class=\"elementor-grid-item\" role=\"listitem\">\n\t\t\t\t\t<a class=\"elementor-icon elementor-social-icon elementor-social-icon-vimeo elementor-repeater-item-f2f480d\" href=\"https:\/\/vimeo.com\/user123505799\" target=\"_blank\">\n\t\t\t\t\t\t<span class=\"elementor-screen-only\">Vimeo<\/span>\n\t\t\t\t\t\t<i aria-hidden=\"true\" class=\"fab fa-vimeo\"><\/i>\t\t\t\t\t<\/a>\n\t\t\t\t<\/span>\n\t\t\t\t\t\t\t<span class=\"elementor-grid-item\" role=\"listitem\">\n\t\t\t\t\t<a class=\"elementor-icon elementor-social-icon elementor-social-icon-500px elementor-repeater-item-e77c01c\" href=\"https:\/\/500px.com\/stephanebernard23\" target=\"_blank\">\n\t\t\t\t\t\t<span class=\"elementor-screen-only\">500px<\/span>\n\t\t\t\t\t\t<i aria-hidden=\"true\" class=\"fab fa-500px\"><\/i>\t\t\t\t\t<\/a>\n\t\t\t\t<\/span>\n\t\t\t\t\t\t\t<span class=\"elementor-grid-item\" role=\"listitem\">\n\t\t\t\t\t<a class=\"elementor-icon elementor-social-icon elementor-social-icon-youtube elementor-repeater-item-a273719\" href=\"https:\/\/www.youtube.com\/channel\/UCRMDrrgdb57Ki4RWuXeKs5g\" target=\"_blank\">\n\t\t\t\t\t\t<span class=\"elementor-screen-only\">Youtube<\/span>\n\t\t\t\t\t\t<i aria-hidden=\"true\" class=\"fab fa-youtube\"><\/i>\t\t\t\t\t<\/a>\n\t\t\t\t<\/span>\n\t\t\t\t\t<\/div>\n\t\t\t\t\t\t<\/div>\n\t\t\t\t<\/div>\n\t\t\t\t\t<\/div>\n\t\t<\/div>\n\t\t\t\t\t<\/div>\n\t\t<\/section>\n\t\t\t\t<\/div>\n\t\t","protected":false},"excerpt":{"rendered":"<p>GALLERIE Paysage Noir et Blanc macrophotographie Flore Inspirations umimmak Tous droits r\u00e9serv\u00e9s. Reproduction interdites. Suivez-nous sur les r\u00e9seaux sociaux Instagram Vimeo 500px Youtube<\/p>\n","protected":false},"author":1,"featured_media":0,"parent":0,"menu_order":0,"comment_status":"closed","ping_status":"closed","template":"","meta":{"inline_featured_image":false,"footnotes":""},"class_list":["post-1648","page","type-page","status-publish","hentry"],"_links":{"self":[{"href":"https:\/\/umimmak.com\/index.php?rest_route=\/wp\/v2\/pages\/1648"}],"collection":[{"href":"https:\/\/umimmak.com\/index.php?rest_route=\/wp\/v2\/pages"}],"about":[{"href":"https:\/\/umimmak.com\/index.php?rest_route=\/wp\/v2\/types\/page"}],"author":[{"embeddable":true,"href":"https:\/\/umimmak.com\/index.php?rest_route=\/wp\/v2\/users\/1"}],"replies":[{"embeddable":true,"href":"https:\/\/umimmak.com\/index.php?rest_route=%2Fwp%2Fv2%2Fcomments&post=1648"}],"version-history":[{"count":153,"href":"https:\/\/umimmak.com\/index.php?rest_route=\/wp\/v2\/pages\/1648\/revisions"}],"predecessor-version":[{"id":2766,"href":"https:\/\/umimmak.com\/index.php?rest_route=\/wp\/v2\/pages\/1648\/revisions\/2766"}],"wp:attachment":[{"href":"https:\/\/umimmak.com\/index.php?rest_route=%2Fwp%2Fv2%2Fmedia&parent=1648"}],"curies":[{"name":"wp","href":"https:\/\/api.w.org\/{rel}","templated":true}]}}